{"id":7202,"date":"2025-02-12T15:52:00","date_gmt":"2025-02-12T18:52:00","guid":{"rendered":"https:\/\/aesbe.com.br\/?page_id=7202"},"modified":"2025-02-19T14:39:20","modified_gmt":"2025-02-19T17:39:20","slug":"supervisao-em-pauta","status":"publish","type":"page","link":"https:\/\/aesbe.com.br\/es\/supervisao-em-pauta","title":{"rendered":"SUPERVIS\u00c3O EM PAUTA"},"content":{"rendered":"\t\t<div data-elementor-type=\"wp-page\" data-elementor-id=\"7202\" class=\"elementor elementor-7202\">\n\t\t\t\t\t\t<section class=\"elementor-section elementor-top-section elementor-element elementor-element-04d6703 elementor-section-full_width elementor-section-stretched elementor-section-height-default elementor-section-height-default\" data-id=\"04d6703\" data-element_type=\"section\" data-settings=\"{&quot;stretch_section&quot;:&quot;section-stretched&quot;}\">\n\t\t\t\t\t\t<div class=\"elementor-container elementor-column-gap-no\">\n\t\t\t\t\t<div class=\"elementor-column elementor-col-100 elementor-top-column elementor-element elementor-element-ca78974\" data-id=\"ca78974\" data-element_type=\"column\">\n\t\t\t<div class=\"elementor-widget-wrap elementor-element-populated\">\n\t\t\t\t\t\t<div class=\"elementor-element elementor-element-3566304 elementor-widget elementor-widget-html\" data-id=\"3566304\" data-element_type=\"widget\" data-widget_type=\"html.default\">\n\t\t\t\t\t<section class=\"page-title\" style=\"background-image: url('https:\/\/aesbe.com.br\/wp-content\/uploads\/2022\/12\/Eventos-2.jpg');\">\r\n        <div class=\"auto-container\">\r\n            <div class=\"content-box\">\r\n                <div class=\"content-wrapper\">\r\n                    <div class=\"title\">\r\n                        <h1>SURPERVIS\u00c3O EM PAUTA<\/h1>\r\n                    <\/div>\r\n                    <ul class=\"bread-crumb clearfix\">\r\n                        <li class=\"breadcrumb-item\"><a href=\"http:\/\/alapcco.web2128.uni5.net\/\">HOME &nbsp;<\/a><\/li><li class=\"breadcrumb-item\">Supervis\u00e3o em pauta <\/li>                    <\/ul>\r\n                <\/div>                    \r\n            <\/div>\r\n        <\/div>\r\n    <\/section>\t\t\t\t<\/div>\n\t\t\t\t\t<\/div>\n\t\t<\/div>\n\t\t\t\t\t<\/div>\n\t\t<\/section>\n\t\t\t\t<section class=\"elementor-section elementor-top-section elementor-element elementor-element-e2413b2 elementor-section-boxed elementor-section-height-default elementor-section-height-default\" data-id=\"e2413b2\" data-element_type=\"section\">\n\t\t\t\t\t\t<div class=\"elementor-container elementor-column-gap-default\">\n\t\t\t\t\t<div class=\"elementor-column elementor-col-100 elementor-top-column elementor-element elementor-element-cf26a4d\" data-id=\"cf26a4d\" data-element_type=\"column\">\n\t\t\t<div class=\"elementor-widget-wrap elementor-element-populated\">\n\t\t\t\t\t\t<div class=\"elementor-element elementor-element-de187fe elementor-widget elementor-widget-heading\" data-id=\"de187fe\" data-element_type=\"widget\" data-widget_type=\"heading.default\">\n\t\t\t\t\t<h2 class=\"elementor-heading-title elementor-size-default\">Supervis\u00e3o em Pauta<\/h2>\t\t\t\t<\/div>\n\t\t\t\t\t<\/div>\n\t\t<\/div>\n\t\t\t\t\t<\/div>\n\t\t<\/section>\n\t\t\t\t<section class=\"elementor-section elementor-top-section elementor-element elementor-element-7f0bed1 elementor-section-boxed elementor-section-height-default elementor-section-height-default\" data-id=\"7f0bed1\" data-element_type=\"section\">\n\t\t\t\t\t\t<div class=\"elementor-container elementor-column-gap-default\">\n\t\t\t\t\t<div class=\"elementor-column elementor-col-100 elementor-top-column elementor-element elementor-element-9dda899\" data-id=\"9dda899\" data-element_type=\"column\">\n\t\t\t<div class=\"elementor-widget-wrap elementor-element-populated\">\n\t\t\t\t\t\t<div class=\"elementor-element elementor-element-e588500 elementor-widget elementor-widget-text-editor\" data-id=\"e588500\" data-element_type=\"widget\" data-widget_type=\"text-editor.default\">\n\t\t\t\t\t\t\t\t\t<p><span class=\"TextRun SCXW105069694 BCX8\" lang=\"PT-BR\" xml:lang=\"PT-BR\" data-contrast=\"auto\"><span class=\"NormalTextRun SCXW105069694 BCX8\">O <\/span><\/span><span class=\"TextRun SCXW105069694 BCX8\" lang=\"PT-BR\" xml:lang=\"PT-BR\" data-contrast=\"auto\"><span class=\"NormalTextRun SCXW105069694 BCX8\">Supervis\u00e3o em Pauta<\/span><\/span><span class=\"TextRun SCXW105069694 BCX8\" lang=\"PT-BR\" xml:lang=\"PT-BR\" data-contrast=\"auto\"><span class=\"NormalTextRun SCXW105069694 BCX8\"> \u00e9 um evento totalmente <\/span><\/span><span class=\"TextRun SCXW105069694 BCX8\" lang=\"PT-BR\" xml:lang=\"PT-BR\" data-contrast=\"auto\"><span class=\"NormalTextRun SCXW105069694 BCX8\">online<\/span><\/span><span class=\"TextRun SCXW105069694 BCX8\" lang=\"PT-BR\" xml:lang=\"PT-BR\" data-contrast=\"auto\"><span class=\"NormalTextRun SCXW105069694 BCX8\"> e gratuito que possui como objetivo trazer o que h\u00e1 de mais recente sobre temas relevantes dentro da Supervis\u00e3o em Psicologia Baseada em Evid\u00eancias, com especialistas no assunto. A primeira edi\u00e7\u00e3o f<\/span><span class=\"NormalTextRun SCXW105069694 BCX8\">ocou na supervis\u00e3o cl\u00ednica em Psicoterapia para desenvolvimento de compet\u00eancias, estando <\/span><span class=\"NormalTextRun SCXW105069694 BCX8\">atrelada ao curso de p\u00f3s-gradua\u00e7\u00e3o<\/span><span class=\"NormalTextRun SCXW105069694 BCX8\"> &#8220;Supervis\u00e3o Cl\u00ednica para Psic\u00f3logos\u201d, <\/span><span class=\"NormalTextRun SCXW105069694 BCX8\">oferecido pela AESBE em parceria com a ARTMED.<\/span><\/span><\/p>\t\t\t\t\t\t\t\t<\/div>\n\t\t\t\t\t<\/div>\n\t\t<\/div>\n\t\t\t\t\t<\/div>\n\t\t<\/section>\n\t\t\t\t<section class=\"elementor-section elementor-top-section elementor-element elementor-element-e9ba750 elementor-section-boxed elementor-section-height-default elementor-section-height-default\" data-id=\"e9ba750\" data-element_type=\"section\">\n\t\t\t\t\t\t<div class=\"elementor-container elementor-column-gap-default\">\n\t\t\t\t\t<div class=\"elementor-column elementor-col-100 elementor-top-column elementor-element elementor-element-724a2e2\" data-id=\"724a2e2\" data-element_type=\"column\">\n\t\t\t<div class=\"elementor-widget-wrap elementor-element-populated\">\n\t\t\t\t\t\t<div class=\"elementor-element elementor-element-6a1dd9e elementor-widget elementor-widget-heading\" data-id=\"6a1dd9e\" data-element_type=\"widget\" data-widget_type=\"heading.default\">\n\t\t\t\t\t<h2 class=\"elementor-heading-title elementor-size-default\">PR\u00d3XIMA EDI\u00c7\u00c3O<\/h2>\t\t\t\t<\/div>\n\t\t\t\t<div class=\"elementor-element elementor-element-fbf9ab0 elementor-widget elementor-widget-text-editor\" data-id=\"fbf9ab0\" data-element_type=\"widget\" data-widget_type=\"text-editor.default\">\n\t\t\t\t\t\t\t\t\t<p class=\"MsoListParagraph\"><span style=\"font-size: 14.0pt; line-height: 150%; mso-bidi-font-family: Arial;\">Em breve<\/span><\/p>\t\t\t\t\t\t\t\t<\/div>\n\t\t\t\t\t<\/div>\n\t\t<\/div>\n\t\t\t\t\t<\/div>\n\t\t<\/section>\n\t\t\t\t<section class=\"elementor-section elementor-top-section elementor-element elementor-element-8a498b3 elementor-section-boxed elementor-section-height-default elementor-section-height-default\" data-id=\"8a498b3\" data-element_type=\"section\">\n\t\t\t\t\t\t<div class=\"elementor-container elementor-column-gap-default\">\n\t\t\t\t\t<div class=\"elementor-column elementor-col-100 elementor-top-column elementor-element elementor-element-457dfef\" data-id=\"457dfef\" data-element_type=\"column\">\n\t\t\t<div class=\"elementor-widget-wrap elementor-element-populated\">\n\t\t\t\t\t\t<div class=\"elementor-element elementor-element-82f1d69 elementor-widget elementor-widget-heading\" data-id=\"82f1d69\" data-element_type=\"widget\" data-widget_type=\"heading.default\">\n\t\t\t\t\t<h2 class=\"elementor-heading-title elementor-size-default\">EDI\u00c7\u00d5ES ANTERIORES<\/h2>\t\t\t\t<\/div>\n\t\t\t\t<div class=\"elementor-element elementor-element-f6b2499 elementor-widget elementor-widget-text-editor\" data-id=\"f6b2499\" data-element_type=\"widget\" data-widget_type=\"text-editor.default\">\n\t\t\t\t\t\t\t\t\t<p><strong><span class=\"NormalTextRun SCXW168442164 BCX8\">I Supervis\u00e3o em Pauta<\/span><span class=\"NormalTextRun SCXW168442164 BCX8\">:<\/span><\/strong> <span class=\"TextRun SCXW168442164 BCX8\" lang=\"PT-BR\" xml:lang=\"PT-BR\" data-contrast=\"auto\"><span class=\"NormalTextRun SCXW168442164 BCX8\">Edi\u00e7\u00e3o online <\/span><span class=\"NormalTextRun SCXW168442164 BCX8\">realizada em <\/span><span class=\"NormalTextRun SCXW168442164 BCX8\">21<\/span><span class=\"NormalTextRun SCXW168442164 BCX8\"> de <\/span><span class=\"NormalTextRun SCXW168442164 BCX8\">n<\/span><span class=\"NormalTextRun SCXW168442164 BCX8\">o<\/span><span class=\"NormalTextRun SCXW168442164 BCX8\">vembro<\/span><span class=\"NormalTextRun SCXW168442164 BCX8\"> de 202<\/span><span class=\"NormalTextRun SCXW168442164 BCX8\">4<\/span><span class=\"NormalTextRun SCXW168442164 BCX8\">.<\/span><\/span><span class=\"LineBreakBlob BlobObject DragDrop SCXW168442164 BCX8\"><span class=\"SCXW168442164 BCX8\">\u00a0<\/span><br class=\"SCXW168442164 BCX8\" \/><\/span><\/p>\t\t\t\t\t\t\t\t<\/div>\n\t\t\t\t<div class=\"elementor-element elementor-element-3aff215 elementor-align-center elementor-widget elementor-widget-button\" data-id=\"3aff215\" data-element_type=\"widget\" data-widget_type=\"button.default\">\n\t\t\t\t\t\t\t\t\t\t<a class=\"elementor-button elementor-button-link elementor-size-lg\" href=\"https:\/\/aesbe.com.br\/wp-content\/uploads\/2025\/02\/programa-supervisao-em-pauta-i.pdf\" target=\"_blank\">\n\t\t\t\t\t\t<span class=\"elementor-button-content-wrapper\">\n\t\t\t\t\t\t\t\t\t<span class=\"elementor-button-text\">Programa<\/span>\n\t\t\t\t\t<\/span>\n\t\t\t\t\t<\/a>\n\t\t\t\t\t\t\t\t<\/div>\n\t\t\t\t\t<\/div>\n\t\t<\/div>\n\t\t\t\t\t<\/div>\n\t\t<\/section>\n\t\t\t\t<\/div>\n\t\t","protected":false},"excerpt":{"rendered":"<p>SURPERVIS\u00c3O EM PAUTA HOME &nbsp; Supervis\u00e3o em pauta Supervis\u00e3o em Pauta O Supervis\u00e3o em Pauta \u00e9 um evento totalmente online e gratuito que possui como objetivo trazer o que h\u00e1 de mais recente sobre temas relevantes dentro da Supervis\u00e3o em Psicologia Baseada em Evid\u00eancias, com especialistas no assunto. A primeira edi\u00e7\u00e3o focou na supervis\u00e3o cl\u00ednica [&hellip;]<\/p>\n","protected":false},"author":2,"featured_media":0,"parent":0,"menu_order":0,"comment_status":"closed","ping_status":"closed","template":"elementor_header_footer","meta":{"footnotes":""},"class_list":["post-7202","page","type-page","status-publish","hentry"],"translation":{"provider":"WPGlobus","version":"3.0.0","language":"es","enabled_languages":["br","en","es"],"languages":{"br":{"title":true,"content":true,"excerpt":false},"en":{"title":false,"content":false,"excerpt":false},"es":{"title":false,"content":false,"excerpt":false}}},"yoast_head":"<!-- This site is optimized with the Yoast SEO plugin v21.5 - https:\/\/yoast.com\/wordpress\/plugins\/seo\/ -->\n<title>SUPERVIS\u00c3O EM PAUTA - ASSOCIACI\u00d3N DE SUPERVISI\u00d3N Y ENSE\u00d1ANZA BASADA EN EVIDENCIA<\/title>\n<meta name=\"robots\" content=\"index, follow, max-snippet:-1, max-image-preview:large, max-video-preview:-1\" \/>\n<link rel=\"canonical\" href=\"https:\/\/aesbe.com.br\/supervisao-em-pauta\" \/>\n<meta property=\"og:locale\" content=\"es_ES\" \/>\n<meta property=\"og:type\" content=\"article\" \/>\n<meta property=\"og:title\" content=\"SUPERVIS\u00c3O EM PAUTA - ASSOCIACI\u00d3N DE SUPERVISI\u00d3N Y ENSE\u00d1ANZA BASADA EN EVIDENCIA\" \/>\n<meta property=\"og:url\" content=\"https:\/\/aesbe.com.br\/supervisao-em-pauta\" \/>\n<meta property=\"og:site_name\" content=\"ASSOCIACI\u00d3N DE SUPERVISI\u00d3N Y ENSE\u00d1ANZA BASADA EN EVIDENCIA\" \/>\n<meta property=\"article:publisher\" content=\"https:\/\/www.facebook.com\/profile.php?id=100063984911775\" \/>\n<meta property=\"article:modified_time\" content=\"2025-02-19T17:39:20+00:00\" \/>\n<meta name=\"twitter:card\" content=\"summary_large_image\" \/>\n<meta name=\"twitter:label1\" content=\"Est. reading time\" \/>\n\t<meta name=\"twitter:data1\" content=\"1 minute\" \/>\n<script type=\"application\/ld+json\" class=\"yoast-schema-graph\">{\"@context\":\"https:\/\/schema.org\",\"@graph\":[{\"@type\":\"WebPage\",\"@id\":\"https:\/\/aesbe.com.br\/supervisao-em-pauta\",\"url\":\"https:\/\/aesbe.com.br\/supervisao-em-pauta\",\"name\":\"SUPERVIS\u00c3O EM PAUTA - ASSOCIACI\u00d3N DE SUPERVISI\u00d3N Y ENSE\u00d1ANZA BASADA EN EVIDENCIA\",\"isPartOf\":{\"@id\":\"https:\/\/aesbe.com.br\/#website\"},\"datePublished\":\"2025-02-12T18:52:00+00:00\",\"dateModified\":\"2025-02-19T17:39:20+00:00\",\"breadcrumb\":{\"@id\":\"https:\/\/aesbe.com.br\/supervisao-em-pauta#breadcrumb\"},\"inLanguage\":\"es-ES\",\"potentialAction\":[{\"@type\":\"ReadAction\",\"target\":[\"https:\/\/aesbe.com.br\/supervisao-em-pauta\"]}]},{\"@type\":\"BreadcrumbList\",\"@id\":\"https:\/\/aesbe.com.br\/supervisao-em-pauta#breadcrumb\",\"itemListElement\":[{\"@type\":\"ListItem\",\"position\":1,\"name\":\"In\u00edcio\",\"item\":\"https:\/\/aesbe.com.br\/\"},{\"@type\":\"ListItem\",\"position\":2,\"name\":\"SUPERVIS\u00c3O EM PAUTA\"}]},{\"@type\":\"WebSite\",\"@id\":\"https:\/\/aesbe.com.br\/#website\",\"url\":\"https:\/\/aesbe.com.br\/\",\"name\":\"ASSOCIACI\u00d3N DE SUPERVISI\u00d3N Y ENSE\u00d1ANZA BASADA EN EVIDENCIA\",\"description\":\"ASSOCIACI\u00d3N DE SUPERVISI\u00d3N Y ENSE\u00d1ANZA BASADA EN EVIDENCIA\",\"publisher\":{\"@id\":\"https:\/\/aesbe.com.br\/#organization\"},\"potentialAction\":[{\"@type\":\"SearchAction\",\"target\":{\"@type\":\"EntryPoint\",\"urlTemplate\":\"https:\/\/aesbe.com.br\/?s={search_term_string}\"},\"query-input\":\"required name=search_term_string\"}],\"inLanguage\":\"es-ES\"},{\"@type\":\"Organization\",\"@id\":\"https:\/\/aesbe.com.br\/#organization\",\"name\":\"AESBE\",\"url\":\"https:\/\/aesbe.com.br\/\",\"logo\":{\"@type\":\"ImageObject\",\"inLanguage\":\"es-ES\",\"@id\":\"https:\/\/aesbe.com.br\/#\/schema\/logo\/image\/\",\"url\":\"https:\/\/aesbe.com.br\/wp-content\/uploads\/2022\/11\/logo.png\",\"contentUrl\":\"https:\/\/aesbe.com.br\/wp-content\/uploads\/2022\/11\/logo.png\",\"width\":1024,\"height\":246,\"caption\":\"AESBE\"},\"image\":{\"@id\":\"https:\/\/aesbe.com.br\/#\/schema\/logo\/image\/\"},\"sameAs\":[\"https:\/\/www.facebook.com\/profile.php?id=100063984911775\",\"https:\/\/www.instagram.com\/aesbe.br\/\"]}]}<\/script>\n<!-- \/ Yoast SEO plugin. -->","yoast_head_json":{"title":"SUPERVIS\u00c3O EM PAUTA - ASSOCIACI\u00d3N DE SUPERVISI\u00d3N Y ENSE\u00d1ANZA BASADA EN EVIDENCIA","robots":{"index":"index","follow":"follow","max-snippet":"max-snippet:-1","max-image-preview":"max-image-preview:large","max-video-preview":"max-video-preview:-1"},"canonical":"https:\/\/aesbe.com.br\/supervisao-em-pauta","og_locale":"es_ES","og_type":"article","og_title":"SUPERVIS\u00c3O EM PAUTA - ASSOCIACI\u00d3N DE SUPERVISI\u00d3N Y ENSE\u00d1ANZA BASADA EN EVIDENCIA","og_url":"https:\/\/aesbe.com.br\/supervisao-em-pauta","og_site_name":"ASSOCIACI\u00d3N DE SUPERVISI\u00d3N Y ENSE\u00d1ANZA BASADA EN EVIDENCIA","article_publisher":"https:\/\/www.facebook.com\/profile.php?id=100063984911775","article_modified_time":"2025-02-19T17:39:20+00:00","twitter_card":"summary_large_image","twitter_misc":{"Est. reading time":"1 minute"},"schema":{"@context":"https:\/\/schema.org","@graph":[{"@type":"WebPage","@id":"https:\/\/aesbe.com.br\/supervisao-em-pauta","url":"https:\/\/aesbe.com.br\/supervisao-em-pauta","name":"SUPERVIS\u00c3O EM PAUTA - ASSOCIACI\u00d3N DE SUPERVISI\u00d3N Y ENSE\u00d1ANZA BASADA EN EVIDENCIA","isPartOf":{"@id":"https:\/\/aesbe.com.br\/#website"},"datePublished":"2025-02-12T18:52:00+00:00","dateModified":"2025-02-19T17:39:20+00:00","breadcrumb":{"@id":"https:\/\/aesbe.com.br\/supervisao-em-pauta#breadcrumb"},"inLanguage":"es-ES","potentialAction":[{"@type":"ReadAction","target":["https:\/\/aesbe.com.br\/supervisao-em-pauta"]}]},{"@type":"BreadcrumbList","@id":"https:\/\/aesbe.com.br\/supervisao-em-pauta#breadcrumb","itemListElement":[{"@type":"ListItem","position":1,"name":"In\u00edcio","item":"https:\/\/aesbe.com.br\/"},{"@type":"ListItem","position":2,"name":"SUPERVIS\u00c3O EM PAUTA"}]},{"@type":"WebSite","@id":"https:\/\/aesbe.com.br\/#website","url":"https:\/\/aesbe.com.br\/","name":"ASSOCIACI\u00d3N DE SUPERVISI\u00d3N Y ENSE\u00d1ANZA BASADA EN EVIDENCIA","description":"ASSOCIACI\u00d3N DE SUPERVISI\u00d3N Y ENSE\u00d1ANZA BASADA EN EVIDENCIA","publisher":{"@id":"https:\/\/aesbe.com.br\/#organization"},"potentialAction":[{"@type":"SearchAction","target":{"@type":"EntryPoint","urlTemplate":"https:\/\/aesbe.com.br\/?s={search_term_string}"},"query-input":"required name=search_term_string"}],"inLanguage":"es-ES"},{"@type":"Organization","@id":"https:\/\/aesbe.com.br\/#organization","name":"AESBE","url":"https:\/\/aesbe.com.br\/","logo":{"@type":"ImageObject","inLanguage":"es-ES","@id":"https:\/\/aesbe.com.br\/#\/schema\/logo\/image\/","url":"https:\/\/aesbe.com.br\/wp-content\/uploads\/2022\/11\/logo.png","contentUrl":"https:\/\/aesbe.com.br\/wp-content\/uploads\/2022\/11\/logo.png","width":1024,"height":246,"caption":"AESBE"},"image":{"@id":"https:\/\/aesbe.com.br\/#\/schema\/logo\/image\/"},"sameAs":["https:\/\/www.facebook.com\/profile.php?id=100063984911775","https:\/\/www.instagram.com\/aesbe.br\/"]}]}},"_links":{"self":[{"href":"https:\/\/aesbe.com.br\/es\/wp-json\/wp\/v2\/pages\/7202","targetHints":{"allow":["GET"]}}],"collection":[{"href":"https:\/\/aesbe.com.br\/es\/wp-json\/wp\/v2\/pages"}],"about":[{"href":"https:\/\/aesbe.com.br\/es\/wp-json\/wp\/v2\/types\/page"}],"author":[{"embeddable":true,"href":"https:\/\/aesbe.com.br\/es\/wp-json\/wp\/v2\/users\/2"}],"replies":[{"embeddable":true,"href":"https:\/\/aesbe.com.br\/es\/wp-json\/wp\/v2\/comments?post=7202"}],"version-history":[{"count":28,"href":"https:\/\/aesbe.com.br\/es\/wp-json\/wp\/v2\/pages\/7202\/revisions"}],"predecessor-version":[{"id":7665,"href":"https:\/\/aesbe.com.br\/es\/wp-json\/wp\/v2\/pages\/7202\/revisions\/7665"}],"wp:attachment":[{"href":"https:\/\/aesbe.com.br\/es\/wp-json\/wp\/v2\/media?parent=7202"}],"curies":[{"name":"wp","href":"https:\/\/api.w.org\/{rel}","templated":true}]}}